{"id":5,"date":"2020-04-13T19:51:56","date_gmt":"2020-04-13T19:51:56","guid":{"rendered":"http:\/\/valorbrasil.com\/?page_id=5"},"modified":"2024-11-16T01:38:42","modified_gmt":"2024-11-16T01:38:42","slug":"home","status":"publish","type":"page","link":"http:\/\/valorbrasil.com\/","title":{"rendered":"home"},"content":{"rendered":"<p><a href=\"http:\/\/valorbrasil.com\/\"><br \/><img decoding=\"async\" loading=\"lazy\" class=\"\" src=\"http:\/\/valorbrasil.com\/wp-content\/uploads\/2020\/06\/marca-dagua-vb_15x.png\" sizes=\"(max-width: 320px) 100vw, 320px\" srcset=\"http:\/\/valorbrasil.com\/wp-content\/uploads\/2020\/06\/marca-dagua-vb_15x.png 320w, http:\/\/valorbrasil.com\/wp-content\/uploads\/2020\/06\/marca-dagua-vb_15x-300x84.png 300w\" alt=\"\" width=\"580\" height=\"163\" \/> <\/a><br \/><img decoding=\"async\" loading=\"lazy\" class=\"\" src=\"http:\/\/valorbrasil.com\/wp-content\/uploads\/2020\/04\/WhatsApp-Image-2020-04-15-at-17.05.07-1024x573.jpeg\" sizes=\"(max-width: 800px) 100vw, 800px\" srcset=\"http:\/\/valorbrasil.com\/wp-content\/uploads\/2020\/04\/WhatsApp-Image-2020-04-15-at-17.05.07-1024x573.jpeg 1024w, http:\/\/valorbrasil.com\/wp-content\/uploads\/2020\/04\/WhatsApp-Image-2020-04-15-at-17.05.07-300x168.jpeg 300w, http:\/\/valorbrasil.com\/wp-content\/uploads\/2020\/04\/WhatsApp-Image-2020-04-15-at-17.05.07-768x430.jpeg 768w, http:\/\/valorbrasil.com\/wp-content\/uploads\/2020\/04\/WhatsApp-Image-2020-04-15-at-17.05.07.jpeg 1280w\" alt=\"\" width=\"255\" height=\"143\" \/><\/p>\n<h1>QUAIS S\u00c3O OS SEUS DESAFIOS PARA CRESCER?<\/h1>\n<ul>\n<li>Encontrar novos clientes?<\/li>\n<li>Vender mais e com seguran\u00e7a?<\/li>\n<li>Reduzir a inadimpl\u00eancia?<\/li>\n<li>Gest\u00e3o da carteira de clientes?<\/li>\n<\/ul>\n<h6>CONTE CONOSCO PARA AUXILI\u00c1-LO<\/h6>\n<p><a role=\"button\" href=\"#\"><br \/>FALAR COM ESPECIALISTA<br \/><\/a><br \/><img decoding=\"async\" loading=\"lazy\" src=\"http:\/\/valorbrasil.com\/wp-content\/uploads\/2020\/04\/62-621375_clip-art-homem-pensando-valor-consorcio-hd-png.png\" sizes=\"(max-width: 437px) 100vw, 437px\" srcset=\"http:\/\/valorbrasil.com\/wp-content\/uploads\/2020\/04\/62-621375_clip-art-homem-pensando-valor-consorcio-hd-png.png 437w, http:\/\/valorbrasil.com\/wp-content\/uploads\/2020\/04\/62-621375_clip-art-homem-pensando-valor-consorcio-hd-png-237x300.png 237w\" alt=\"\" width=\"437\" height=\"553\" \/><\/p>\n<h1>QUAIS S\u00c3O OS SEUS DESAFIOS PARA CRESCER?<\/h1>\n<ul>\n<li>Encontrar novos clientes?<\/li>\n<li>Vender mais e com seguran\u00e7a?<\/li>\n<li>Reduzir a inadimpl\u00eancia?<\/li>\n<li>Gest\u00e3o da carteira de clientes?<\/li>\n<\/ul>\n<h6>CONTE CONOSCO PARA AUXILI\u00c1-LO<\/h6>\n<p><a role=\"button\" href=\"#\"><br \/>FALAR COM ESPECIALISTA<br \/><\/a><br \/><img decoding=\"async\" loading=\"lazy\" src=\"http:\/\/valorbrasil.com\/wp-content\/uploads\/2020\/04\/62-621375_clip-art-homem-pensando-valor-consorcio-hd-png.png\" sizes=\"(max-width: 437px) 100vw, 437px\" srcset=\"http:\/\/valorbrasil.com\/wp-content\/uploads\/2020\/04\/62-621375_clip-art-homem-pensando-valor-consorcio-hd-png.png 437w, http:\/\/valorbrasil.com\/wp-content\/uploads\/2020\/04\/62-621375_clip-art-homem-pensando-valor-consorcio-hd-png-237x300.png 237w\" alt=\"\" width=\"437\" height=\"553\" \/><\/p>\n<h4>BEM VINDO \u00c0<br \/>VALOR<br \/>BRASIL<\/h4>\n<h2>BEM VINDO \u00c0<\/h2>\n<h4>VALOR<br \/>BRASIL<\/h4>\n<p>Quanto mais voc\u00ea se informa, melhor voc\u00ea decide.<\/p>\n<p>\u00a0<\/p>\n<h3>MISS\u00c3O<\/h3>\n<p>Contribuir para um cr\u00e9dito seguro no Brasil, ajudando empresas na realiza\u00e7\u00e3o de uma an\u00e1lise justa, gerando confian\u00e7a nas opera\u00e7\u00f5es comerciais.<\/p>\n<h3>VIS\u00c3O<\/h3>\n<p>Ser reconhecido como refer\u00eancia em representa\u00e7\u00f5es comerciais no segmento bureau.<\/p>\n<h3>VALORES<\/h3>\n<p>\u00c9tica, Integridade, Igualdade, Respeito, e Transpar\u00eancia.<\/p>\n<h2>N\u00f3s podemos ajudar o seu neg\u00f3cio!<\/h2>\n<p>Solu\u00e7\u00f5es completas para pequenas e m\u00e9dias empresas. Desde ferramentas para buscar novos clientes, ou conhecer melhor seus parceiros de neg\u00f3cio e at\u00e9 recuperar d\u00edvidas de forma r\u00e1pida e segura.<\/p>\n<h5>CONHE\u00c7A A MELHOR SOLU\u00c7\u00c3O PARA VOC\u00ca<\/h5>\n<p><a role=\"button\" href=\"#\"><br \/>SAIBA MAIS<br \/><\/a><\/p>\n<h2>NOSSAS SOLU\u00c7\u00d5ES<\/h2>\n<p>Venda com seguran\u00e7a e evitando preju\u00edzos, com a consulta de CPF e CNPJ,<br \/>na maior base de dados do Brasil: Serasa Experian<\/p>\n<figure><img decoding=\"async\" loading=\"lazy\" src=\"http:\/\/valorbrasil.com\/wp-content\/uploads\/2020\/04\/desktop_img_menu_destaque_prospeccao-clientes-150x112.jpg\" alt=\"\" width=\"150\" height=\"112\" \/><\/figure>\n<h2>CONSULTA SERASA<\/h2>\n<p>Evite a inadimpl\u00eancia! Consulte CNPJ e CPF de seus clientes fornecedores.<br \/>Antes de negociar, veja se seu cliente ou fornecedor possui d\u00edvidas em atraso ou protestos. Consultas a partir de R$3,50.<\/p>\n<p><a>SAIBA MAIS<\/a><\/p>\n<figure><img decoding=\"async\" loading=\"lazy\" src=\"http:\/\/valorbrasil.com\/wp-content\/uploads\/2020\/04\/desktop_img_box_monitore-clientes.png\" sizes=\"(max-width: 382px) 100vw, 382px\" srcset=\"http:\/\/valorbrasil.com\/wp-content\/uploads\/2020\/04\/desktop_img_box_monitore-clientes.png 382w, http:\/\/valorbrasil.com\/wp-content\/uploads\/2020\/04\/desktop_img_box_monitore-clientes-300x94.png 300w\" alt=\"\" width=\"382\" height=\"120\" \/><\/figure>\n<h2>MONITORE SEUS CLIENTES<\/h2>\n<p>Monitore gr\u00e1tis o CNPJ de seus parceiros de neg\u00f3cios e proteja a sua empresa.<br \/>Acompanhe at\u00e9 100 documentos de seus clientes e fornecedores para evitar surpresas na hora de negociar,<\/p>\n<p><a>SAIBA MAIS<\/a><\/p>\n<figure><img decoding=\"async\" loading=\"lazy\" src=\"http:\/\/valorbrasil.com\/wp-content\/uploads\/2020\/04\/desktop_img_box_SDSN.png\" sizes=\"(max-width: 382px) 100vw, 382px\" srcset=\"http:\/\/valorbrasil.com\/wp-content\/uploads\/2020\/04\/desktop_img_box_SDSN.png 382w, http:\/\/valorbrasil.com\/wp-content\/uploads\/2020\/04\/desktop_img_box_SDSN-300x94.png 300w\" alt=\"\" width=\"382\" height=\"120\" \/><\/figure>\n<h2>GERA\u00c7\u00c3O DE LEADS<\/h2>\n<p>Encontre leads qualificados para conquistar novos clientes e vender mais.<br \/>Receba o telefone e o endere\u00e7o de pessoas ou empresas e compre seus leads com base em filtros personalizados para a sua necessidade.<\/p>\n<p><a>SAIBA MAIS<\/a><\/p>\n<figure><img decoding=\"async\" loading=\"lazy\" src=\"http:\/\/valorbrasil.com\/wp-content\/uploads\/2020\/04\/img_box_pefin.png\" alt=\"\" width=\"278\" height=\"120\" \/><\/figure>\n<h2>SERASA SCORE<\/h2>\n<p>Descubra qual \u00e9 o Score de Cr\u00e9dito da sua empresa.<br \/>Consulte gratuitamente o Score (pontua\u00e7\u00e3o de cr\u00e9dito) do seu CNPJ e saiba como seu neg\u00f3cio \u00e9 visto pelo mercado.<\/p>\n<p><a>CONSULTE AGORA<\/a><\/p>\n<h2>Temos solu\u00e7\u00f5es para todas as etapas do ciclo de crescimento da sua empresa.<\/h2>\n<figure><img decoding=\"async\" loading=\"lazy\" src=\"http:\/\/valorbrasil.com\/wp-content\/uploads\/2020\/04\/icon_encontrar-clientes.png\" alt=\"\" width=\"170\" height=\"112\" \/><\/figure>\n<h3>ENCONTRE NOVOS CLIENTES<\/h3>\n<p>Com o Lista Online, voc\u00ea cria novas oportunidades de venda ao ampliar sua carteira de clientes.<\/p>\n<figure><img decoding=\"async\" loading=\"lazy\" src=\"http:\/\/valorbrasil.com\/wp-content\/uploads\/2020\/04\/icon_negociar-seguranca.png\" alt=\"\" width=\"170\" height=\"112\" \/><\/figure>\n<h3>NEGOCIE COM MAIS SEGURAN\u00c7A<\/h3>\n<p>Com os Relat\u00f3rios de Cr\u00e9dito, voc\u00ea conhece melhor seus clientes e fornecedores para liberar cr\u00e9dito com mais seguran\u00e7a.<\/p>\n<figure><img decoding=\"async\" loading=\"lazy\" src=\"http:\/\/valorbrasil.com\/wp-content\/uploads\/2020\/04\/icon_acompanhar-clientes.png\" alt=\"\" width=\"170\" height=\"112\" \/><\/figure>\n<h3>ACOMPANHE SEUS CLIENTES DE PERTO<\/h3>\n<p>Com o Gerencie Carteira, voc\u00ea monitora a capacidade de pagamento de seus clientes e fornecedores.<\/p>\n<figure><img decoding=\"async\" loading=\"lazy\" src=\"http:\/\/valorbrasil.com\/wp-content\/uploads\/2020\/04\/icon_recuperar-dividas.png\" alt=\"\" width=\"170\" height=\"112\" \/><\/figure>\n<h3>RECUPERE D\u00cdVIDAS MAIS R\u00c1PIDO<\/h3>\n<p>Com o Pefin, voc\u00ea inclui d\u00edvidas vencidas e n\u00e3o pagas na nossa base de dados para que seus clientes inadimplentes recebam a carta da Serasa Experian.<\/p>\n<h2>Monitore clientes<\/h2>\n<h2>Monitore o CNPJ de seus parceiros de neg\u00f3cios e proteja a sua empresa.<\/h2>\n<h2>Acompanhe at\u00e9 100 documentos de seus clientes e fornecedores para evitar surpresas na hora de negociar.<\/h2>\n<h2>CONTATO<\/h2>\n<p>Sinta-se livre para nos enviar uma mensagem ou entrar em contato<\/p>\n<ul>\n<li>Rua Doutor Laerte Setubal, 655 \u2013 sala 46-B<\/li>\n<li>11 94079-2090<\/li>\n<li>11 94079-2090<\/li>\n<li>atendimento@valorbrasil.com<\/li>\n<\/ul>\n<p><iframe src=\"https:\/\/maps.google.com\/maps?q=rua%20doutor%20laerte%20setubal%2C%20655&amp;t=m&amp;z=11&amp;output=embed&amp;iwloc=near\" frameborder=\"0\" marginwidth=\"0\" marginheight=\"0\" scrolling=\"no\" aria-label=\"rua doutor laerte setubal, 655\"><\/iframe><\/p>\n<h2>QUER SABER MAIS INFORMA\u00c7\u00d5ES?<\/h2>\n<h2>BLOG VALOR BRASIL<\/h2>\n<h6>Acompanhe-nos<\/h6>\n<p><a href=\"https:\/\/www.instagram.com\/valorbrasilsolucoes\/\" target=\"_blank\" rel=\"noopener noreferrer\"><br \/>Instagram<br \/><\/a><br \/><a href=\"https:\/\/www.linkedin.com\/company\/valorbrasil-serasaexperian\/?viewAsMember=true\" target=\"_blank\" rel=\"noopener noreferrer\"><br \/>Linkedin<br \/><\/a><\/p>\n<h6>Solu\u00e7\u00f5es<\/h6>\n<ul>\n<li><a href=\"#\"> CONSULTA SERASA<br \/><\/a><\/li>\n<li><a href=\"#\"> MONITORE SEUS CLIENTES<br \/><\/a><\/li>\n<li><a href=\"#\"> GERA\u00c7\u00c3O DE LEADS<br \/><\/a><\/li>\n<li><a href=\"#\"> SERASA SCORE<br \/><\/a><\/li>\n<li><a href=\"#\"> ENCONTRE NOVOS CLIENTES<br \/><\/a><\/li>\n<li><a href=\"#\"> NEGOCIE COM MAIS SEGURAN\u00c7A<br \/><\/a><\/li>\n<li><a href=\"#\"> ACOMPANHE SEUS CLIENTES DE PERTO<br \/><\/a><\/li>\n<\/ul>\n<h6>Navega\u00e7\u00e3o<\/h6>\n<h6>PROMOTOR AUTORIZADO<\/h6>\n<p><img decoding=\"async\" loading=\"lazy\" src=\"http:\/\/valorbrasil.com\/wp-content\/uploads\/2020\/04\/Imagem2-e1586981659568.png\" alt=\"\" width=\"271\" height=\"123\" \/><\/p>\n<ul>\n<li>Valor Brasil 2020<\/li>\n<\/ul>\n<p><a href=\"https:\/\/rankize.com.br\/\"><br \/><br \/><\/a><\/p>\n\n\n<p><\/p>\n","protected":false},"excerpt":{"rendered":"<p>QUAIS S\u00c3O OS SEUS DESAFIOS PARA CRESCER? Encontrar novos clientes? Vender mais e com seguran\u00e7a? Reduzir a inadimpl\u00eancia? Gest\u00e3o da carteira de clientes? CONTE CONOSCO PARA AUXILI\u00c1-LO FALAR COM ESPECIALISTA QUAIS S\u00c3O OS SEUS DESAFIOS PARA CRESCER? Encontrar novos clientes? Vender mais e com seguran\u00e7a? Reduzir a inadimpl\u00eancia? Gest\u00e3o da carteira de clientes? CONTE CONOSCO [&hellip;]<\/p>\n","protected":false},"author":1,"featured_media":0,"parent":0,"menu_order":0,"comment_status":"closed","ping_status":"closed","template":"elementor_canvas","meta":[],"_links":{"self":[{"href":"http:\/\/valorbrasil.com\/index.php?rest_route=\/wp\/v2\/pages\/5"}],"collection":[{"href":"http:\/\/valorbrasil.com\/index.php?rest_route=\/wp\/v2\/pages"}],"about":[{"href":"http:\/\/valorbrasil.com\/index.php?rest_route=\/wp\/v2\/types\/page"}],"author":[{"embeddable":true,"href":"http:\/\/valorbrasil.com\/index.php?rest_route=\/wp\/v2\/users\/1"}],"replies":[{"embeddable":true,"href":"http:\/\/valorbrasil.com\/index.php?rest_route=%2Fwp%2Fv2%2Fcomments&post=5"}],"version-history":[{"count":40,"href":"http:\/\/valorbrasil.com\/index.php?rest_route=\/wp\/v2\/pages\/5\/revisions"}],"predecessor-version":[{"id":153,"href":"http:\/\/valorbrasil.com\/index.php?rest_route=\/wp\/v2\/pages\/5\/revisions\/153"}],"wp:attachment":[{"href":"http:\/\/valorbrasil.com\/index.php?rest_route=%2Fwp%2Fv2%2Fmedia&parent=5"}],"curies":[{"name":"wp","href":"https:\/\/api.w.org\/{rel}","templated":true}]}}